{"id":670844,"date":"2024-12-27T11:07:59","date_gmt":"2024-12-27T10:07:59","guid":{"rendered":"https:\/\/www.tourisimaguide.be\/?page_id=670844"},"modified":"2025-04-01T09:59:32","modified_gmt":"2025-04-01T07:59:32","slug":"neem-contact-op-met","status":"publish","type":"page","link":"https:\/\/www.tourisimaguide.be\/nl\/neem-contact-op-met\/","title":{"rendered":"Neem contact op met"},"content":{"rendered":"\t\t<div data-elementor-type=\"wp-page\" data-elementor-id=\"670844\" class=\"elementor elementor-670844\" data-elementor-post-type=\"page\">\n\t\t\t\t<div data-particle_enable=\"false\" data-particle-mobile-disabled=\"false\" class=\"elementor-element elementor-element-c6b6a00 e-flex e-con-boxed e-con e-parent\" data-id=\"c6b6a00\" data-element_type=\"container\" data-e-type=\"container\" data-settings=\"{&quot;background_background&quot;:&quot;classic&quot;,&quot;jet_parallax_layout_list&quot;:[]}\">\n\t\t\t\t\t<div class=\"e-con-inner\">\n\t\t\t\t<div class=\"elementor-element elementor-element-ab1e392 elementor-widget elementor-widget-spacer\" data-id=\"ab1e392\" data-element_type=\"widget\" data-e-type=\"widget\" data-widget_type=\"spacer.default\">\n\t\t\t\t<div class=\"elementor-widget-container\">\n\t\t\t\t\t\t\t<div class=\"elementor-spacer\">\n\t\t\t<div class=\"elementor-spacer-inner\"><\/div>\n\t\t<\/div>\n\t\t\t\t\t\t<\/div>\n\t\t\t\t<\/div>\n\t\t\t\t<div class=\"elementor-element elementor-element-e34b265 elementor-widget elementor-widget-heading\" data-id=\"e34b265\" data-element_type=\"widget\" data-e-type=\"widget\" data-widget_type=\"heading.default\">\n\t\t\t\t<div class=\"elementor-widget-container\">\n\t\t\t\t\t<h2 class=\"elementor-heading-title elementor-size-default\">Contact Pro Tourisimaguide<\/h2>\t\t\t\t<\/div>\n\t\t\t\t<\/div>\n\t\t\t\t<div class=\"elementor-element elementor-element-f2d151a elementor-widget elementor-widget-text-editor\" data-id=\"f2d151a\" data-element_type=\"widget\" data-e-type=\"widget\" data-widget_type=\"text-editor.default\">\n\t\t\t\t<div class=\"elementor-widget-container\">\n\t\t\t\t\t\t\t\t\t<p style=\"text-align: center;\"><strong>Section exclusivement r\u00e9serv\u00e9e aux professionnels du tourisme.<\/strong><\/p><p>Vous souhaitez entrer en contact avec Tourisimaguide. Vous \u00eates professionnels du tourisme, vous voulez faire ajouter ou modifier une information. Communiquez-nous les informations et nous les mettrons \u00e0 jour dans notre base de donn\u00e9es.<\/p><p>Vous n\u2019\u00eates pas professionnels du tourisme, si vous avez des questions sur des voyages ou des destinations, nous vous conseillons de contacter les agences de voyages ou les offices du tourisme.<\/p><p style=\"text-align: center;\">Nous n\u2019envoyons aucun document par la poste et nous r\u00e9pondons exclusivement par e-mail.<\/p>\t\t\t\t\t\t\t\t<\/div>\n\t\t\t\t<\/div>\n\t\t\t\t\t<\/div>\n\t\t\t\t<\/div>\n\t\t<div data-particle_enable=\"false\" data-particle-mobile-disabled=\"false\" class=\"elementor-element elementor-element-32c325c e-flex e-con-boxed e-con e-parent\" data-id=\"32c325c\" data-element_type=\"container\" data-e-type=\"container\" data-settings=\"{&quot;jet_parallax_layout_list&quot;:[],&quot;background_background&quot;:&quot;classic&quot;}\">\n\t\t\t\t\t<div class=\"e-con-inner\">\n\t\t\t\t<div class=\"elementor-element elementor-element-a63386e elementor-widget elementor-widget-heading\" data-id=\"a63386e\" data-element_type=\"widget\" data-e-type=\"widget\" data-widget_type=\"heading.default\">\n\t\t\t\t<div class=\"elementor-widget-container\">\n\t\t\t\t\t<h2 class=\"elementor-heading-title elementor-size-default\">Merci de compl\u00e9ter le fomulaire avec vos informations et remarques :<\/h2>\t\t\t\t<\/div>\n\t\t\t\t<\/div>\n\t\t\t\t<div class=\"elementor-element elementor-element-d62e2cc elementor-button-align-stretch elementor-widget elementor-widget-form\" data-id=\"d62e2cc\" data-element_type=\"widget\" data-e-type=\"widget\" data-settings=\"{&quot;step_next_label&quot;:&quot;Suivant&quot;,&quot;step_previous_label&quot;:&quot;Pr\\u00e9c\\u00e9dent&quot;,&quot;button_width&quot;:&quot;100&quot;,&quot;step_type&quot;:&quot;number_text&quot;,&quot;step_icon_shape&quot;:&quot;circle&quot;}\" data-widget_type=\"form.default\">\n\t\t\t\t<div class=\"elementor-widget-container\">\n\t\t\t\t\t\t\t<form class=\"elementor-form\" method=\"post\" name=\"Nouveau formulaire\" aria-label=\"Nouveau formulaire\">\n\t\t\t<input type=\"hidden\" name=\"post_id\" value=\"670844\"\/>\n\t\t\t<input type=\"hidden\" name=\"form_id\" value=\"d62e2cc\"\/>\n\t\t\t<input type=\"hidden\" name=\"referer_title\" value=\"Contact | TourisimaGuide.be\" \/>\n\n\t\t\t\t\t\t\t<input type=\"hidden\" name=\"queried_id\" value=\"670844\"\/>\n\t\t\t\n\t\t\t<div class=\"elementor-form-fields-wrapper elementor-labels-above\">\n\t\t\t\t\t\t\t\t<div class=\"elementor-field-type-text elementor-field-group elementor-column elementor-field-group-name elementor-col-50 elementor-field-required\">\n\t\t\t\t\t\t\t\t\t\t\t\t<label for=\"form-field-name\" class=\"elementor-field-label\">\n\t\t\t\t\t\t\t\tNom\t\t\t\t\t\t\t<\/label>\n\t\t\t\t\t\t\t\t\t\t\t\t\t\t<input size=\"1\" type=\"text\" name=\"form_fields[name]\" id=\"form-field-name\" class=\"elementor-field elementor-size-sm  elementor-field-textual\" placeholder=\"Nom\" required=\"required\">\n\t\t\t\t\t\t\t\t\t\t\t<\/div>\n\t\t\t\t\t\t\t\t<div class=\"elementor-field-type-text elementor-field-group elementor-column elementor-field-group-field_ffe25f5 elementor-col-50 elementor-field-required\">\n\t\t\t\t\t\t\t\t\t\t\t\t<label for=\"form-field-field_ffe25f5\" class=\"elementor-field-label\">\n\t\t\t\t\t\t\t\tPr\u00e9nom\t\t\t\t\t\t\t<\/label>\n\t\t\t\t\t\t\t\t\t\t\t\t\t\t<input size=\"1\" type=\"text\" name=\"form_fields[field_ffe25f5]\" id=\"form-field-field_ffe25f5\" class=\"elementor-field elementor-size-sm  elementor-field-textual\" placeholder=\"Pr\u00e9nom\" required=\"required\">\n\t\t\t\t\t\t\t\t\t\t\t<\/div>\n\t\t\t\t\t\t\t\t<div class=\"elementor-field-type-email elementor-field-group elementor-column elementor-field-group-email elementor-col-100 elementor-field-required\">\n\t\t\t\t\t\t\t\t\t\t\t\t<label for=\"form-field-email\" class=\"elementor-field-label\">\n\t\t\t\t\t\t\t\tE-mail\t\t\t\t\t\t\t<\/label>\n\t\t\t\t\t\t\t\t\t\t\t\t\t\t<input size=\"1\" type=\"email\" name=\"form_fields[email]\" id=\"form-field-email\" class=\"elementor-field elementor-size-sm  elementor-field-textual\" placeholder=\"E-mail\" required=\"required\">\n\t\t\t\t\t\t\t\t\t\t\t<\/div>\n\t\t\t\t\t\t\t\t<div class=\"elementor-field-type-select elementor-field-group elementor-column elementor-field-group-field_5b046bd elementor-col-50 elementor-field-required\">\n\t\t\t\t\t\t\t\t\t\t\t\t<label for=\"form-field-field_5b046bd\" class=\"elementor-field-label\">\n\t\t\t\t\t\t\t\tProfessionnel du tourisme\t\t\t\t\t\t\t<\/label>\n\t\t\t\t\t\t\t\t<div class=\"elementor-field elementor-select-wrapper remove-before \">\n\t\t\t<div class=\"select-caret-down-wrapper\">\n\t\t\t\t<i aria-hidden=\"true\" class=\"eicon-caret-down\"><\/i>\t\t\t<\/div>\n\t\t\t<select name=\"form_fields[field_5b046bd]\" id=\"form-field-field_5b046bd\" class=\"elementor-field-textual elementor-size-sm\" required=\"required\">\n\t\t\t\t\t\t\t\t\t<option value=\"A\u00e9roports\">A\u00e9roports<\/option>\n\t\t\t\t\t\t\t\t\t<option value=\"Ambassade\">Ambassade<\/option>\n\t\t\t\t\t\t\t\t\t<option value=\"Agent de voyage\">Agent de voyage<\/option>\n\t\t\t\t\t\t\t\t\t<option value=\"Croisi\u00e9riste\">Croisi\u00e9riste<\/option>\n\t\t\t\t\t\t\t\t\t<option value=\"Compagnie a\u00e9rienne\">Compagnie a\u00e9rienne<\/option>\n\t\t\t\t\t\t\t\t\t<option value=\"H\u00f4telier\">H\u00f4telier<\/option>\n\t\t\t\t\t\t\t\t\t<option value=\"Journaliste\">Journaliste<\/option>\n\t\t\t\t\t\t\t\t\t<option value=\"Loueur de voiture\">Loueur de voiture<\/option>\n\t\t\t\t\t\t\t\t\t<option value=\"Office du tourisme\">Office du tourisme<\/option>\n\t\t\t\t\t\t\t\t\t<option value=\"Tour op\u00e9rateur\">Tour op\u00e9rateur<\/option>\n\t\t\t\t\t\t\t\t\t<option value=\"Agence de marketing\">Agence de marketing<\/option>\n\t\t\t\t\t\t\t<\/select>\n\t\t<\/div>\n\t\t\t\t\t\t<\/div>\n\t\t\t\t\t\t\t\t<div class=\"elementor-field-type-text elementor-field-group elementor-column elementor-field-group-field_22953cc elementor-col-50 elementor-field-required\">\n\t\t\t\t\t\t\t\t\t\t\t\t<label for=\"form-field-field_22953cc\" class=\"elementor-field-label\">\n\t\t\t\t\t\t\t\tNom de la soci\u00e9t\u00e9\t\t\t\t\t\t\t<\/label>\n\t\t\t\t\t\t\t\t\t\t\t\t\t\t<input size=\"1\" type=\"text\" name=\"form_fields[field_22953cc]\" id=\"form-field-field_22953cc\" class=\"elementor-field elementor-size-sm  elementor-field-textual\" required=\"required\">\n\t\t\t\t\t\t\t\t\t\t\t<\/div>\n\t\t\t\t\t\t\t\t<div class=\"elementor-field-type-textarea elementor-field-group elementor-column elementor-field-group-message elementor-col-100 elementor-field-required\">\n\t\t\t\t\t\t\t\t\t\t\t\t<label for=\"form-field-message\" class=\"elementor-field-label\">\n\t\t\t\t\t\t\t\tMessage\t\t\t\t\t\t\t<\/label>\n\t\t\t\t\t\t<textarea class=\"elementor-field-textual elementor-field  elementor-size-sm\" name=\"form_fields[message]\" id=\"form-field-message\" rows=\"4\" placeholder=\"Message\" required=\"required\"><\/textarea>\t\t\t\t<\/div>\n\t\t\t\t\t\t\t\t<div class=\"elementor-field-type-recaptcha_v3 elementor-field-group elementor-column elementor-field-group-field_02954ff elementor-col-100 recaptcha_v3-bottomright\">\n\t\t\t\t\t<div class=\"elementor-field\" id=\"form-field-field_02954ff\"><div class=\"elementor-g-recaptcha\" data-sitekey=\"6LffNqkqAAAAAH0cHW5j8stsavH9ooCiOkStat3k\" data-type=\"v3\" data-action=\"Form\" data-badge=\"bottomright\" data-size=\"invisible\"><\/div><\/div>\t\t\t\t<\/div>\n\t\t\t\t\t\t\t\t<div class=\"elementor-field-type-acceptance elementor-field-group elementor-column elementor-field-group-field_c914bcd elementor-col-50 elementor-field-required\">\n\t\t\t\t\t\t\t\t\t\t\t\t<label for=\"form-field-field_c914bcd\" class=\"elementor-field-label\">\n\t\t\t\t\t\t\t\tJ'acc\u00e8pte d'\u00eatre contact\u00e9 par e-mail\t\t\t\t\t\t\t<\/label>\n\t\t\t\t\t\t\t\t<div class=\"elementor-field-subgroup\">\n\t\t\t<span class=\"elementor-field-option\">\n\t\t\t\t<input type=\"checkbox\" name=\"form_fields[field_c914bcd]\" id=\"form-field-field_c914bcd\" class=\"elementor-field elementor-size-sm  elementor-acceptance-field\" required=\"required\" checked=\"checked\">\n\t\t\t\t\t\t\t<\/span>\n\t\t<\/div>\n\t\t\t\t\t\t<\/div>\n\t\t\t\t\t\t\t\t<div class=\"elementor-field-type-acceptance elementor-field-group elementor-column elementor-field-group-field_6d5ecfe elementor-col-50\">\n\t\t\t\t\t\t\t\t\t\t\t\t<label for=\"form-field-field_6d5ecfe\" class=\"elementor-field-label\">\n\t\t\t\t\t\t\t\tJe m'inscrit \u00e0 la newsletter\t\t\t\t\t\t\t<\/label>\n\t\t\t\t\t\t\t\t<div class=\"elementor-field-subgroup\">\n\t\t\t<span class=\"elementor-field-option\">\n\t\t\t\t<input type=\"checkbox\" name=\"form_fields[field_6d5ecfe]\" id=\"form-field-field_6d5ecfe\" class=\"elementor-field elementor-size-sm  elementor-acceptance-field\" checked=\"checked\">\n\t\t\t\t\t\t\t<\/span>\n\t\t<\/div>\n\t\t\t\t\t\t<\/div>\n\t\t\t\t\t\t\t\t<div class=\"elementor-field-group elementor-column elementor-field-type-submit elementor-col-100 e-form__buttons\">\n\t\t\t\t\t<button class=\"elementor-button elementor-size-sm\" type=\"submit\">\n\t\t\t\t\t\t<span class=\"elementor-button-content-wrapper\">\n\t\t\t\t\t\t\t\t\t\t\t\t\t\t\t\t\t\t\t\t\t\t<span class=\"elementor-button-text\">Envoyer<\/span>\n\t\t\t\t\t\t\t\t\t\t\t\t\t<\/span>\n\t\t\t\t\t<\/button>\n\t\t\t\t<\/div>\n\t\t\t<\/div>\n\t\t<\/form>\n\t\t\t\t\t\t<\/div>\n\t\t\t\t<\/div>\n\t\t\t\t<div class=\"elementor-element elementor-element-55a8546 elementor-widget elementor-widget-text-editor\" data-id=\"55a8546\" data-element_type=\"widget\" data-e-type=\"widget\" data-widget_type=\"text-editor.default\">\n\t\t\t\t<div class=\"elementor-widget-container\">\n\t\t\t\t\t\t\t\t\t<p>Pour votre information, nous r\u00e9pondrons exclusivement par e-mail.<\/p>\t\t\t\t\t\t\t\t<\/div>\n\t\t\t\t<\/div>\n\t\t\t\t\t<\/div>\n\t\t\t\t<\/div>\n\t\t\t\t<\/div>\n\t\t","protected":false},"excerpt":{"rendered":"<p>Contact Pro Tourisimaguide Section exclusivement r\u00e9serv\u00e9e aux professionnels du tourisme. Vous souhaitez entrer en contact avec Tourisimaguide. Vous \u00eates professionnels du tourisme, vous voulez faire ajouter ou modifier une information. Communiquez-nous les informations et nous les mettrons \u00e0 jour dans notre base de donn\u00e9es. Vous n\u2019\u00eates pas professionnels du tourisme, si vous avez des questions [&hellip;]<\/p>\n","protected":false},"author":1,"featured_media":0,"parent":0,"menu_order":0,"comment_status":"closed","ping_status":"closed","template":"elementor_header_footer","meta":{"footnotes":""},"class_list":["post-670844","page","type-page","status-publish","hentry"],"_links":{"self":[{"href":"https:\/\/www.tourisimaguide.be\/nl\/wp-json\/wp\/v2\/pages\/670844","targetHints":{"allow":["GET"]}}],"collection":[{"href":"https:\/\/www.tourisimaguide.be\/nl\/wp-json\/wp\/v2\/pages"}],"about":[{"href":"https:\/\/www.tourisimaguide.be\/nl\/wp-json\/wp\/v2\/types\/page"}],"author":[{"embeddable":true,"href":"https:\/\/www.tourisimaguide.be\/nl\/wp-json\/wp\/v2\/users\/1"}],"replies":[{"embeddable":true,"href":"https:\/\/www.tourisimaguide.be\/nl\/wp-json\/wp\/v2\/comments?post=670844"}],"version-history":[{"count":82,"href":"https:\/\/www.tourisimaguide.be\/nl\/wp-json\/wp\/v2\/pages\/670844\/revisions"}],"predecessor-version":[{"id":671683,"href":"https:\/\/www.tourisimaguide.be\/nl\/wp-json\/wp\/v2\/pages\/670844\/revisions\/671683"}],"wp:attachment":[{"href":"https:\/\/www.tourisimaguide.be\/nl\/wp-json\/wp\/v2\/media?parent=670844"}],"curies":[{"name":"wp","href":"https:\/\/api.w.org\/{rel}","templated":true}]}}